{"id":329,"date":"2022-04-03T12:27:25","date_gmt":"2022-04-03T12:27:25","guid":{"rendered":"http:\/\/freiraum-neustrelitz.de\/?page_id=329"},"modified":"2022-04-03T13:02:33","modified_gmt":"2022-04-03T13:02:33","slug":"ricardo-leppe-kommt","status":"publish","type":"page","link":"http:\/\/freiraum-neustrelitz.de\/?page_id=329","title":{"rendered":"Ricardo Leppe kommt"},"content":{"rendered":"\n<p>Am <strong>23.05.2022 <\/strong>kommen Ricardo Leppe und Lisa Edelh\u00e4u\u00dfer nach Wesenberg. Beginn <strong>14:00<\/strong> Uhr.<\/p>\n\n\n\n<p>Ort:<\/p>\n\n\n\n<p>SALUTOGENESE Physiotherapie<\/p>\n\n\n\n<p>Drosedower&nbsp; Weg 9, 17255 Wesenberg<\/p>\n\n\n\n<p>Anmeldungen sind bis zum 06.04.2022 telefonisch unter 039832 \/ 160990 oder 03981 \/ 2569342 m\u00f6glich oder per Mail an freiekinderaktiv@web.de.<\/p>\n\n\n\n<p>Selbstkostenbeitrag 25 \u20ac (pro Erwachsener)<\/p>\n\n\n\n<p>Bitte gebt die Anzahl der teilnehmenden Erwachsenen und Kinder an. Bringt St\u00fchle, Decken und Verpflegung selbst mit. \u00dcbernachtungsm\u00f6glichkeiten im (eigene) Zelt, Wohnmobil oder Wohnwagen bitte vorher anfragen. <\/p>\n\n\n\n<p>Da es sich beim Veranstaltungsort um ein Privatgrundst\u00fcck handelt, bitten wir, dass sich die Erwachsenen selbst um ihre Kinder k\u00fcmmern, bzw. den Privatbesitz respektieren. Vielen Dank.<\/p>\n","protected":false},"excerpt":{"rendered":"<p>Am 23.05.2022 kommen Ricardo Leppe und Lisa Edelh\u00e4u\u00dfer nach Wesenberg. Beginn 14:00 Uhr. Ort: SALUTOGENESE Physiotherapie Drosedower&nbsp; Weg 9, 17255 Wesenberg Anmeldungen sind bis zum 06.04.2022 telefonisch unter 039832 \/ 160990 oder 03981 \/ 2569342 m\u00f6glich oder per Mail an freiekinderaktiv@web.de. Selbstkostenbeitrag 25 \u20ac (pro Erwachsener) Bitte gebt die Anzahl der teilnehmenden Erwachsenen und Kinder [&hellip;]<\/p>\n","protected":false},"author":1,"featured_media":0,"parent":0,"menu_order":0,"comment_status":"closed","ping_status":"closed","template":"","meta":[],"_links":{"self":[{"href":"http:\/\/freiraum-neustrelitz.de\/index.php?rest_route=\/wp\/v2\/pages\/329"}],"collection":[{"href":"http:\/\/freiraum-neustrelitz.de\/index.php?rest_route=\/wp\/v2\/pages"}],"about":[{"href":"http:\/\/freiraum-neustrelitz.de\/index.php?rest_route=\/wp\/v2\/types\/page"}],"author":[{"embeddable":true,"href":"http:\/\/freiraum-neustrelitz.de\/index.php?rest_route=\/wp\/v2\/users\/1"}],"replies":[{"embeddable":true,"href":"http:\/\/freiraum-neustrelitz.de\/index.php?rest_route=%2Fwp%2Fv2%2Fcomments&post=329"}],"version-history":[{"count":2,"href":"http:\/\/freiraum-neustrelitz.de\/index.php?rest_route=\/wp\/v2\/pages\/329\/revisions"}],"predecessor-version":[{"id":346,"href":"http:\/\/freiraum-neustrelitz.de\/index.php?rest_route=\/wp\/v2\/pages\/329\/revisions\/346"}],"wp:attachment":[{"href":"http:\/\/freiraum-neustrelitz.de\/index.php?rest_route=%2Fwp%2Fv2%2Fmedia&parent=329"}],"curies":[{"name":"wp","href":"https:\/\/api.w.org\/{rel}","templated":true}]}}