{"id":322,"date":"2022-04-03T12:11:13","date_gmt":"2022-04-03T12:11:13","guid":{"rendered":"http:\/\/freiraum-neustrelitz.de\/?page_id=322"},"modified":"2022-04-03T12:13:24","modified_gmt":"2022-04-03T12:13:24","slug":"unterstuetzung","status":"publish","type":"page","link":"http:\/\/freiraum-neustrelitz.de\/?page_id=322","title":{"rendered":"Unterst\u00fctzung"},"content":{"rendered":"\n<p>Wer unsere Vereinsarbeit unterst\u00fctzen will, kann das durch pers\u00f6nliches Engagement oder finanzielle Zuwendungen tun.<\/p>\n\n\n\n<p>Als gemeinn\u00fctziger Verein &#8211; mit Zuerkennung der Gemeinn\u00fctzigkeit durch das Finanzamt Waren &#8211; k\u00f6nnen wir Spenden bescheinigen. Voraussetzung ist, dass auf der Zuwendungs\u00fcberweisung der Betreff &#8222;Spende&#8220; steht und die Zuwendung an keinerlei pers\u00f6nliche Vorteilsnahme gebunden ist. <\/p>\n\n\n\n<p>Die finanziellen Mittel werden ausschlie\u00dflich gem\u00e4\u00df der Satzung verwendet.<\/p>\n\n\n\n<p><strong>Bankverbindung<\/strong>:<br>IBAN: DE09 1505 1732 0100 0117 30<br>BIC: NOLADE21MST<br>Sparkasse Mecklenburg-Strelitz<\/p>\n\n\n\n<p>Steuernummer:<br>075\/141\/07585 \u2013 Finanzamt Waren<\/p>\n\n\n\n<p><\/p>\n","protected":false},"excerpt":{"rendered":"<p>Wer unsere Vereinsarbeit unterst\u00fctzen will, kann das durch pers\u00f6nliches Engagement oder finanzielle Zuwendungen tun. Als gemeinn\u00fctziger Verein &#8211; mit Zuerkennung der Gemeinn\u00fctzigkeit durch das Finanzamt Waren &#8211; k\u00f6nnen wir Spenden bescheinigen. Voraussetzung ist, dass auf der Zuwendungs\u00fcberweisung der Betreff &#8222;Spende&#8220; steht und die Zuwendung an keinerlei pers\u00f6nliche Vorteilsnahme gebunden ist. Die finanziellen Mittel werden ausschlie\u00dflich [&hellip;]<\/p>\n","protected":false},"author":1,"featured_media":0,"parent":0,"menu_order":0,"comment_status":"closed","ping_status":"closed","template":"","meta":[],"_links":{"self":[{"href":"http:\/\/freiraum-neustrelitz.de\/index.php?rest_route=\/wp\/v2\/pages\/322"}],"collection":[{"href":"http:\/\/freiraum-neustrelitz.de\/index.php?rest_route=\/wp\/v2\/pages"}],"about":[{"href":"http:\/\/freiraum-neustrelitz.de\/index.php?rest_route=\/wp\/v2\/types\/page"}],"author":[{"embeddable":true,"href":"http:\/\/freiraum-neustrelitz.de\/index.php?rest_route=\/wp\/v2\/users\/1"}],"replies":[{"embeddable":true,"href":"http:\/\/freiraum-neustrelitz.de\/index.php?rest_route=%2Fwp%2Fv2%2Fcomments&post=322"}],"version-history":[{"count":2,"href":"http:\/\/freiraum-neustrelitz.de\/index.php?rest_route=\/wp\/v2\/pages\/322\/revisions"}],"predecessor-version":[{"id":326,"href":"http:\/\/freiraum-neustrelitz.de\/index.php?rest_route=\/wp\/v2\/pages\/322\/revisions\/326"}],"wp:attachment":[{"href":"http:\/\/freiraum-neustrelitz.de\/index.php?rest_route=%2Fwp%2Fv2%2Fmedia&parent=322"}],"curies":[{"name":"wp","href":"https:\/\/api.w.org\/{rel}","templated":true}]}}