{"id":315,"date":"2022-04-03T12:01:12","date_gmt":"2022-04-03T12:01:12","guid":{"rendered":"http:\/\/freiraum-neustrelitz.de\/?page_id=315"},"modified":"2022-04-03T12:43:29","modified_gmt":"2022-04-03T12:43:29","slug":"mitglied-werden","status":"publish","type":"page","link":"http:\/\/freiraum-neustrelitz.de\/?page_id=315","title":{"rendered":"Mitglied werden"},"content":{"rendered":"\n<p>Wer Interesse an uns oder an unserer Arbeit hat, der melde sich doch bitte telefonisch unter der angegebenen Telefonnummer <strong>03981 \/ 2569342<\/strong> oder schreibt uns eine E-Mail auf <strong>Freiraum-Neustrelitz-e.V@t-online.de<\/strong><\/p>\n\n\n\n<p>Bei Anfragen \u00fcber die Kommentarfunktion besteht das Problem, dass wir zur Antwort die Anfrage \u00f6ffentlich machen m\u00fcssen, was sicherlich nicht gew\u00fcnscht w\u00e4re.<\/p>\n\n\n\n<p>Das Antragsformular zur Mitgliedschaft findet man <a rel=\"noreferrer noopener\" href=\"http:\/\/freiraum-neustrelitz.de\/wp-content\/uploads\/2022\/04\/Mitgliedsantrag-2021.pdf\" target=\"_blank\">hier<\/a>:<\/p>\n\n\n\n<p><strong><a href=\"http:\/\/freiraum-neustrelitz.de\/wp-content\/uploads\/2022\/04\/Mitgliedsantrag-2021.pdf\" target=\"_blank\" rel=\"noreferrer noopener\">Formular<\/a><\/strong><\/p>\n\n\n\n<p><\/p>\n","protected":false},"excerpt":{"rendered":"<p>Wer Interesse an uns oder an unserer Arbeit hat, der melde sich doch bitte telefonisch unter der angegebenen Telefonnummer 03981 \/ 2569342 oder schreibt uns eine E-Mail auf Freiraum-Neustrelitz-e.V@t-online.de Bei Anfragen \u00fcber die Kommentarfunktion besteht das Problem, dass wir zur Antwort die Anfrage \u00f6ffentlich machen m\u00fcssen, was sicherlich nicht gew\u00fcnscht w\u00e4re. Das Antragsformular zur Mitgliedschaft [&hellip;]<\/p>\n","protected":false},"author":1,"featured_media":0,"parent":0,"menu_order":0,"comment_status":"closed","ping_status":"closed","template":"","meta":[],"_links":{"self":[{"href":"http:\/\/freiraum-neustrelitz.de\/index.php?rest_route=\/wp\/v2\/pages\/315"}],"collection":[{"href":"http:\/\/freiraum-neustrelitz.de\/index.php?rest_route=\/wp\/v2\/pages"}],"about":[{"href":"http:\/\/freiraum-neustrelitz.de\/index.php?rest_route=\/wp\/v2\/types\/page"}],"author":[{"embeddable":true,"href":"http:\/\/freiraum-neustrelitz.de\/index.php?rest_route=\/wp\/v2\/users\/1"}],"replies":[{"embeddable":true,"href":"http:\/\/freiraum-neustrelitz.de\/index.php?rest_route=%2Fwp%2Fv2%2Fcomments&post=315"}],"version-history":[{"count":8,"href":"http:\/\/freiraum-neustrelitz.de\/index.php?rest_route=\/wp\/v2\/pages\/315\/revisions"}],"predecessor-version":[{"id":345,"href":"http:\/\/freiraum-neustrelitz.de\/index.php?rest_route=\/wp\/v2\/pages\/315\/revisions\/345"}],"wp:attachment":[{"href":"http:\/\/freiraum-neustrelitz.de\/index.php?rest_route=%2Fwp%2Fv2%2Fmedia&parent=315"}],"curies":[{"name":"wp","href":"https:\/\/api.w.org\/{rel}","templated":true}]}}