{"id":253,"date":"2020-12-27T19:26:48","date_gmt":"2020-12-27T19:26:48","guid":{"rendered":"http:\/\/freiraum-neustrelitz.de\/?page_id=253"},"modified":"2021-08-28T15:30:57","modified_gmt":"2021-08-28T15:30:57","slug":"stiftung-fuer-ehrenamt-und-buergerschaftliches-engagement-in-mecklenburg-vorpommern","status":"publish","type":"page","link":"http:\/\/freiraum-neustrelitz.de\/?page_id=253","title":{"rendered":"Stiftung f\u00fcr Ehrenamt und b\u00fcrgerschaftliches Engagement in Mecklenburg Vorpommern"},"content":{"rendered":"\n<p>Die <a href=\"https:\/\/www.ehrenamtsstiftung-mv.de\/\">Stiftung f\u00fcr Ehrenamt und b\u00fcrgerschaftliches Engagement in Mecklenburg Vorpommern<\/a> f\u00f6rderte den Verein mit einer finanziellen Zuwendung. Damit konnte der Verein seine finanzielle Unabh\u00e4ngigkeit bewahren und war auch im Jahr 2020 in der Lage, seine Vereinsarbeit der \u00d6ffentlichkeit anzubieten und sich ehrenamtlich zu engagieren.<\/p>\n\n\n\n<figure class=\"wp-block-image size-large\"><img loading=\"lazy\" width=\"261\" height=\"100\" src=\"http:\/\/freiraum-neustrelitz.de\/wp-content\/uploads\/2020\/12\/Logo-Stiftung-Ehrenamt.jpg\" alt=\"\" class=\"wp-image-257\"\/><\/figure>\n\n\n\n<p>Vielen Dank!<\/p>\n","protected":false},"excerpt":{"rendered":"<p>Die Stiftung f\u00fcr Ehrenamt und b\u00fcrgerschaftliches Engagement in Mecklenburg Vorpommern f\u00f6rderte den Verein mit einer finanziellen Zuwendung. Damit konnte der Verein seine finanzielle Unabh\u00e4ngigkeit bewahren und war auch im Jahr 2020 in der Lage, seine Vereinsarbeit der \u00d6ffentlichkeit anzubieten und sich ehrenamtlich zu engagieren. Vielen Dank!<\/p>\n","protected":false},"author":1,"featured_media":0,"parent":0,"menu_order":0,"comment_status":"closed","ping_status":"closed","template":"","meta":[],"_links":{"self":[{"href":"http:\/\/freiraum-neustrelitz.de\/index.php?rest_route=\/wp\/v2\/pages\/253"}],"collection":[{"href":"http:\/\/freiraum-neustrelitz.de\/index.php?rest_route=\/wp\/v2\/pages"}],"about":[{"href":"http:\/\/freiraum-neustrelitz.de\/index.php?rest_route=\/wp\/v2\/types\/page"}],"author":[{"embeddable":true,"href":"http:\/\/freiraum-neustrelitz.de\/index.php?rest_route=\/wp\/v2\/users\/1"}],"replies":[{"embeddable":true,"href":"http:\/\/freiraum-neustrelitz.de\/index.php?rest_route=%2Fwp%2Fv2%2Fcomments&post=253"}],"version-history":[{"count":4,"href":"http:\/\/freiraum-neustrelitz.de\/index.php?rest_route=\/wp\/v2\/pages\/253\/revisions"}],"predecessor-version":[{"id":285,"href":"http:\/\/freiraum-neustrelitz.de\/index.php?rest_route=\/wp\/v2\/pages\/253\/revisions\/285"}],"wp:attachment":[{"href":"http:\/\/freiraum-neustrelitz.de\/index.php?rest_route=%2Fwp%2Fv2%2Fmedia&parent=253"}],"curies":[{"name":"wp","href":"https:\/\/api.w.org\/{rel}","templated":true}]}}