{"id":21,"date":"2015-02-23T07:09:11","date_gmt":"2015-02-23T07:09:11","guid":{"rendered":"http:\/\/freiraum-neustrelitz.de\/?page_id=21"},"modified":"2021-11-27T14:36:45","modified_gmt":"2021-11-27T14:36:45","slug":"impressum","status":"publish","type":"page","link":"http:\/\/freiraum-neustrelitz.de\/?page_id=21","title":{"rendered":"Impressum"},"content":{"rendered":"<p><a href=\"http:\/\/freiraum-neustrelitz.de\/wp-content\/uploads\/2015\/02\/Logo.jpg\"><img loading=\"lazy\" class=\"alignnone wp-image-6 size-medium\" src=\"http:\/\/freiraum-neustrelitz.de\/wp-content\/uploads\/2015\/02\/Logo-300x95.jpg\" alt=\"Logo\" width=\"300\" height=\"95\" srcset=\"http:\/\/freiraum-neustrelitz.de\/wp-content\/uploads\/2015\/02\/Logo-300x95.jpg 300w, http:\/\/freiraum-neustrelitz.de\/wp-content\/uploads\/2015\/02\/Logo.jpg 500w\" sizes=\"(max-width: 300px) 100vw, 300px\" \/><\/a><\/p>\n<h3><strong>Freiraum e.V.<\/strong><\/h3>\n<p>Semmelweisstra\u00dfe 13, 17235 Neustrelitz, Telefon: 03981\/2569342<\/p>\n<p>Direktkontakt: <a href=\"mailto:Gunter.Antarius.Tiamandan@t-online.de\" target=\"_blank\" rel=\"noopener noreferrer\">Freiraum-Neustrelitz-e.V@t-online.de<\/a><\/p>\n<h3><strong>Vorstand: <\/strong><\/h3>\n<p><strong>Cornelis Rentzsch (Pr\u00e4sident)<\/strong><\/p>\n<p><strong>Heike Kremer (1. Vorsitzende)<\/strong><\/p>\n<p><strong>Nadine Saitzek (2. Vorsitzende)<\/strong><\/p>\n<p>Eingetragen beim Amtsgericht Neubrandenburg: VR 2964<\/p>\n<p>Steuernummer beim Finanzamt Waren: 075\/141\/07585<\/p>\n<p><strong>Haftung f\u00fcr Inhalte<\/strong><\/p>\n<p>Die Inhalte unserer Seiten wurden mit gr\u00f6\u00dfter Sorgfalt erstellt. F\u00fcr die Richtigkeit, Vollst\u00e4ndigkeit und Aktualit\u00e4t der Inhalte k\u00f6nnen wir jedoch keine Gew\u00e4hr \u00fcbernehmen. Als Diensteanbieter sind wir gem\u00e4\u00df \u00a7 7 Abs.1 TMG f\u00fcr eigene Inhalte auf diesen Seiten nach den allgemeinen Gesetzen verantwortlich. Nach \u00a7\u00a7 8 bis 10 TMG sind wir als Diensteanbieter jedoch nicht verpflichtet, \u00fcbermittelte oder gespeicherte fremde Informationen zu \u00fcberwachen oder nach Umst\u00e4nden zu forschen, die auf eine rechtswidrige T\u00e4tigkeit hinweisen. Verpflichtungen zur Entfernung oder Sperrung der Nutzung von Informationen nach den allgemeinen Gesetzen bleiben hiervon unber\u00fchrt. Eine diesbez\u00fcgliche Haftung ist jedoch erst ab dem Zeitpunkt der Kenntnis einer konkreten Rechtsverletzung m\u00f6glich. Bei Bekanntwerden von entsprechenden Rechtsverletzungen werden wir diese Inhalte umgehend entfernen.<\/p>\n<p><strong>Haftung f\u00fcr Links<\/strong><\/p>\n<p>Unser Angebot enth\u00e4lt Links zu externen Webseiten Dritter, auf deren Inhalte wir keinen Einfluss haben. Deshalb k\u00f6nnen wir f\u00fcr diese fremden Inhalte auch keine Gew\u00e4hr \u00fcbernehmen. F\u00fcr die Inhalte der verlinkten Seiten ist stets der jeweilige Anbieter oder Betreiber der Seiten verantwortlich. Die verlinkten Seiten wurden zum Zeitpunkt der Verlinkung auf m\u00f6gliche Rechtsverst\u00f6\u00dfe \u00fcberpr\u00fcft. Rechtswidrige Inhalte waren zum Zeitpunkt der Verlinkung nicht erkennbar. Eine permanente inhaltliche Kontrolle der verlinkten Seiten ist jedoch ohne konkrete Anhaltspunkte einer Rechtsverletzung nicht zumutbar. Bei Bekanntwerden von Rechtsverletzungen werden wir derartige Links umgehend entfernen.<\/p>\n<p><strong>Urheberrecht<\/strong><\/p>\n<p>Die durch die Seitenbetreiber erstellten Inhalte und Werke auf diesen Seiten unterliegen dem deutschen Urheberrecht. Die Vervielf\u00e4ltigung, Bearbeitung, Verbreitung und jede Art der Verwertung au\u00dferhalb der Grenzen des Urheberrechtes bed\u00fcrfen der schriftlichen Zustimmung des jeweiligen Autors bzw. Erstellers. Downloads und Kopien dieser Seite sind nur f\u00fcr den privaten, nicht kommerziellen Gebrauch gestattet. Soweit die Inhalte auf dieser Seite nicht vom Betreiber erstellt wurden, werden die Urheberrechte Dritter beachtet. Insbesondere werden Inhalte Dritter als solche gekennzeichnet. Sollten Sie trotzdem auf eine Urheberrechtsverletzung aufmerksam werden, bitten wir um einen entsprechenden Hinweis. Bei Bekanntwerden von Rechtsverletzungen werden wir derartige Inhalte umgehend entfernen.<\/p>\n<p><i>Quellverweis:\u00a0<a href=\"http:\/\/www.e-recht24.de\/muster-disclaimer.htm\" target=\"_blank\" rel=\"nofollow noopener noreferrer\"><span style=\"color: #1e73be;\">Disclaimer<\/span><\/a>\u00a0von eRecht24, dem Portal zum Internetrecht von Rechtsanwalt S\u00f6ren Siebert<\/i><\/p>\n<p><strong>Bildrechte<\/strong><\/p>\n<ul>\n<li>&#8222;Lebensberatung&#8220;: (c)\u00a0Coloures-pic &#8211; Fotolia\u00a0#42940503<\/li>\n<li>&#8222;Ehe- und Paarberatung&#8220;:\u00a0(c)\u00a0drubig-photo &#8211; Fotolia\u00a0#103098891<\/li>\n<li>&#8222;Kommunikation und Konfliktmanagement&#8220;: (c)\u00a0DDRockstar &#8211; Fotolia\u00a0#70909647<\/li>\n<li>&#8222;Meditation&#8220;: \u00a0(c) jtanki &#8211; Fotolia\u00a0#47438482<\/li>\n<li>&#8222;Lernhilfe&#8220;: (c) Serhiy Kobyakov &#8211; Fotolia #34745271<\/li>\n<li>Hintergrundsbild &#8211; Freewallpaper green &#8211; ver\u00e4ndert<\/li>\n<li><i>\u00a9\u00a0 eigene Bilder<\/i><\/li>\n<\/ul>\n<p>Seite erstellt mit <a href=\"http:\/\/www.mafiashare.net\/\" target=\"_blank\" rel=\"noopener noreferrer\">WordPress<\/a> &#8211; Theme: Fictive<\/p>\n\n\n<p><\/p>\n","protected":false},"excerpt":{"rendered":"<p>Freiraum e.V. Semmelweisstra\u00dfe 13, 17235 Neustrelitz, Telefon: 03981\/2569342 Direktkontakt: Freiraum-Neustrelitz-e.V@t-online.de Vorstand: Cornelis Rentzsch (Pr\u00e4sident) Heike Kremer (1. Vorsitzende) Nadine Saitzek (2. Vorsitzende) Eingetragen beim Amtsgericht Neubrandenburg: VR 2964 Steuernummer beim Finanzamt Waren: 075\/141\/07585 Haftung f\u00fcr Inhalte Die Inhalte unserer Seiten wurden mit gr\u00f6\u00dfter Sorgfalt erstellt. F\u00fcr die Richtigkeit, Vollst\u00e4ndigkeit und Aktualit\u00e4t der Inhalte k\u00f6nnen wir [&hellip;]<\/p>\n","protected":false},"author":1,"featured_media":0,"parent":0,"menu_order":0,"comment_status":"open","ping_status":"open","template":"","meta":[],"_links":{"self":[{"href":"http:\/\/freiraum-neustrelitz.de\/index.php?rest_route=\/wp\/v2\/pages\/21"}],"collection":[{"href":"http:\/\/freiraum-neustrelitz.de\/index.php?rest_route=\/wp\/v2\/pages"}],"about":[{"href":"http:\/\/freiraum-neustrelitz.de\/index.php?rest_route=\/wp\/v2\/types\/page"}],"author":[{"embeddable":true,"href":"http:\/\/freiraum-neustrelitz.de\/index.php?rest_route=\/wp\/v2\/users\/1"}],"replies":[{"embeddable":true,"href":"http:\/\/freiraum-neustrelitz.de\/index.php?rest_route=%2Fwp%2Fv2%2Fcomments&post=21"}],"version-history":[{"count":22,"href":"http:\/\/freiraum-neustrelitz.de\/index.php?rest_route=\/wp\/v2\/pages\/21\/revisions"}],"predecessor-version":[{"id":297,"href":"http:\/\/freiraum-neustrelitz.de\/index.php?rest_route=\/wp\/v2\/pages\/21\/revisions\/297"}],"wp:attachment":[{"href":"http:\/\/freiraum-neustrelitz.de\/index.php?rest_route=%2Fwp%2Fv2%2Fmedia&parent=21"}],"curies":[{"name":"wp","href":"https:\/\/api.w.org\/{rel}","templated":true}]}}