{"id":2,"date":"2014-12-19T14:05:29","date_gmt":"2014-12-19T14:05:29","guid":{"rendered":"http:\/\/freiraum-neustrelitz.de\/\/?page_id=2"},"modified":"2021-08-28T15:23:32","modified_gmt":"2021-08-28T15:23:32","slug":"beispiel-seite","status":"publish","type":"page","link":"http:\/\/freiraum-neustrelitz.de\/?page_id=2","title":{"rendered":"Satzung"},"content":{"rendered":"<h3 align=\"LEFT\">\u00a7 2 Vereinszweck<\/h3>\n<p>Zweck des Vereins ist die F\u00f6rderung des Schutzes von Ehe und Familie; die F\u00f6rderung der Erziehung, Volks- und Berufsbildung einschlie\u00dflich der Studentenhilfe; sowie die der internationalen Gesinnung, der Toleranz auf allen Gebieten der Kultur und des V\u00f6lkerverst\u00e4ndigungsgedankens.<\/p>\n<p>Der Verein setzt sich damit als Prim\u00e4rziele: Toleranz, Familie, sowie Be- und Erziehung.<\/p>\n<p>Der Satzungszweck wird verwirklicht insbesondere:<\/p>\n<ol>\n<li>Durch den Schutz und die F\u00f6rderung von Ehe- und Familie als Basis f\u00fcr gesellschaftliche Systeme, Sozialisation und generationen\u00fcbergreifende Wertevermittlung; mit dem Ziel der Bef\u00e4higung zur friedlichen, sozialen und demokratischen Handlungsf\u00e4higkeit des Einzelnen in der Gemeinschaft.<\/li>\n<li>Durch Unterst\u00fctzung, Beratung und Betreuung von Kindern und Eltern in schulischen und allgemeinen Bildungsfragen; durch Schaffung eines Bildungsnetzwerkes zur gegenseitigen Unterst\u00fctzung im Bereich des individuellen und kollektiven Lernens; mit dem Ziel der bestm\u00f6glichen, individuellen Entwicklung bei gleichzeitiger gesellschaftlicher Teilhabe.<\/li>\n<li>Durch Beachtung und F\u00f6rderung demokratischer Grundwerte, mittels Vermittlung und Anwendung von Toleranz und Formen des friedlichen Zusammenlebens in einer multikulturellen Gesellschaft; durch Begegnungen, gemeinsame Aktivit\u00e4ten und interkulturellen Austausch.<\/li>\n<li>Durch kostenfreies Anbieten der genannten Ma\u00dfnahmen an Mitglieder.<\/li>\n<li>Durch die aktive Teilnahme an \u00f6ffentlichen Veranstaltungen, sowie durch die Zusammenarbeit mit anderen Vereinen, Verb\u00e4nden, Stiftungen, staatlichen und nichtstaatlichen Organisationen, welche gleichen oder \u00e4hnlichen Zielen dienen.<\/li>\n<li>Durch die kostenfreie Verbreitung von Informationen mittels Vortr\u00e4gen, Seminaren, Beratungen und Ver\u00f6ffentlichungen.<\/li>\n<\/ol>\n<p><a href=\"http:\/\/freiraum-neustrelitz.de\/wp-content\/uploads\/2021\/08\/Satzung-Freiraum-eV-27.08.2021.pdf\">Satzung Freiraum eV 27.08.2021<\/a><\/p>\n\n\n<p><\/p>\n","protected":false},"excerpt":{"rendered":"<p>\u00a7 2 Vereinszweck Zweck des Vereins ist die F\u00f6rderung des Schutzes von Ehe und Familie; die F\u00f6rderung der Erziehung, Volks- und Berufsbildung einschlie\u00dflich der Studentenhilfe; sowie die der internationalen Gesinnung, der Toleranz auf allen Gebieten der Kultur und des V\u00f6lkerverst\u00e4ndigungsgedankens. Der Verein setzt sich damit als Prim\u00e4rziele: Toleranz, Familie, sowie Be- und Erziehung. Der Satzungszweck [&hellip;]<\/p>\n","protected":false},"author":1,"featured_media":0,"parent":0,"menu_order":0,"comment_status":"open","ping_status":"open","template":"","meta":[],"_links":{"self":[{"href":"http:\/\/freiraum-neustrelitz.de\/index.php?rest_route=\/wp\/v2\/pages\/2"}],"collection":[{"href":"http:\/\/freiraum-neustrelitz.de\/index.php?rest_route=\/wp\/v2\/pages"}],"about":[{"href":"http:\/\/freiraum-neustrelitz.de\/index.php?rest_route=\/wp\/v2\/types\/page"}],"author":[{"embeddable":true,"href":"http:\/\/freiraum-neustrelitz.de\/index.php?rest_route=\/wp\/v2\/users\/1"}],"replies":[{"embeddable":true,"href":"http:\/\/freiraum-neustrelitz.de\/index.php?rest_route=%2Fwp%2Fv2%2Fcomments&post=2"}],"version-history":[{"count":12,"href":"http:\/\/freiraum-neustrelitz.de\/index.php?rest_route=\/wp\/v2\/pages\/2\/revisions"}],"predecessor-version":[{"id":281,"href":"http:\/\/freiraum-neustrelitz.de\/index.php?rest_route=\/wp\/v2\/pages\/2\/revisions\/281"}],"wp:attachment":[{"href":"http:\/\/freiraum-neustrelitz.de\/index.php?rest_route=%2Fwp%2Fv2%2Fmedia&parent=2"}],"curies":[{"name":"wp","href":"https:\/\/api.w.org\/{rel}","templated":true}]}}