{"id":120,"date":"2015-10-29T20:57:04","date_gmt":"2015-10-29T20:57:04","guid":{"rendered":"http:\/\/freiraum-neustrelitz.de\/?page_id=120"},"modified":"2016-12-29T09:01:49","modified_gmt":"2016-12-29T09:01:49","slug":"lebensberatung","status":"publish","type":"page","link":"http:\/\/freiraum-neustrelitz.de\/?page_id=120","title":{"rendered":"Lebensberatung"},"content":{"rendered":"<h3>Gib Deinem Leben eine neue Richtung&#8230;<\/h3>\n<p>Im Rahmen der gemeinn\u00fctzigen Vereinsarbeit\u00a0helfen wir Ihnen bei der individuellen Konfliktl\u00f6sung.\u00a0Dies ist besonders f\u00fcr solche F\u00e4lle interessant, welche weder pathologisch noch justiziabel sind \u2013 das hei\u00dft: weder ein Therapeut noch ein Rechtsanwalt helfen kann.<\/p>\n<p>Unsere Berater sind psychologisch und mediativ ausgebildet, kommen aus verschiedenen Berufsfeldern und haben unterschiedliche Zusatzausbildungen. Sie achten stets auf einen respektvollen und empathischen Umgang. Ihre Arbeitsweisen orientieren sich an wissenschaftlich evaluierten Methoden, wie auch an Arbeitsweisen des systemischen Coachings.<\/p>\n<p>Der Freiraum bietet Mitgliedern in einem gesch\u00fctzten Raum die M\u00f6glichkeit, zu verstehen, worum es bei den aktuellen Schwierigkeiten geht, um neue Impulse f\u00fcr Ver\u00e4nderungen aufnehmen zu k\u00f6nnen. Alle Gespr\u00e4che bei uns sind vertraulich (Schweigepflicht).<\/p>\n<p>Wir bieten Einzel-, Paar-, Familien- und Gruppengespr\u00e4che an, sowie Mediation. Wir erm\u00f6glichen Ihnen, alle an Ihrem Konflikt Beteiligten in unsere Beratung einzubeziehen. Sprechen Sie uns an und vereinbaren Sie einen Termin.<\/p>\n<p>&nbsp;<\/p>\n<p><a href=\"http:\/\/freiraum-neustrelitz.de\/wp-content\/uploads\/2015\/10\/Ver\u00e4nderung.jpg\"><img loading=\"lazy\" class=\"alignnone size-medium wp-image-128\" src=\"http:\/\/freiraum-neustrelitz.de\/wp-content\/uploads\/2015\/10\/Ver\u00e4nderung-300x200.jpg\" alt=\"Ver\u00e4nderung\" width=\"300\" height=\"200\" srcset=\"http:\/\/freiraum-neustrelitz.de\/wp-content\/uploads\/2015\/10\/Ver\u00e4nderung-300x200.jpg 300w, http:\/\/freiraum-neustrelitz.de\/wp-content\/uploads\/2015\/10\/Ver\u00e4nderung.jpg 424w\" sizes=\"(max-width: 300px) 100vw, 300px\" \/><\/a><\/p>\n<p>&nbsp;<\/p>\n","protected":false},"excerpt":{"rendered":"<p>Gib Deinem Leben eine neue Richtung&#8230; Im Rahmen der gemeinn\u00fctzigen Vereinsarbeit\u00a0helfen wir Ihnen bei der individuellen Konfliktl\u00f6sung.\u00a0Dies ist besonders f\u00fcr solche F\u00e4lle interessant, welche weder pathologisch noch justiziabel sind \u2013 das hei\u00dft: weder ein Therapeut noch ein Rechtsanwalt helfen kann. Unsere Berater sind psychologisch und mediativ ausgebildet, kommen aus verschiedenen Berufsfeldern und haben unterschiedliche Zusatzausbildungen. [&hellip;]<\/p>\n","protected":false},"author":1,"featured_media":0,"parent":0,"menu_order":0,"comment_status":"open","ping_status":"open","template":"","meta":[],"_links":{"self":[{"href":"http:\/\/freiraum-neustrelitz.de\/index.php?rest_route=\/wp\/v2\/pages\/120"}],"collection":[{"href":"http:\/\/freiraum-neustrelitz.de\/index.php?rest_route=\/wp\/v2\/pages"}],"about":[{"href":"http:\/\/freiraum-neustrelitz.de\/index.php?rest_route=\/wp\/v2\/types\/page"}],"author":[{"embeddable":true,"href":"http:\/\/freiraum-neustrelitz.de\/index.php?rest_route=\/wp\/v2\/users\/1"}],"replies":[{"embeddable":true,"href":"http:\/\/freiraum-neustrelitz.de\/index.php?rest_route=%2Fwp%2Fv2%2Fcomments&post=120"}],"version-history":[{"count":6,"href":"http:\/\/freiraum-neustrelitz.de\/index.php?rest_route=\/wp\/v2\/pages\/120\/revisions"}],"predecessor-version":[{"id":213,"href":"http:\/\/freiraum-neustrelitz.de\/index.php?rest_route=\/wp\/v2\/pages\/120\/revisions\/213"}],"wp:attachment":[{"href":"http:\/\/freiraum-neustrelitz.de\/index.php?rest_route=%2Fwp%2Fv2%2Fmedia&parent=120"}],"curies":[{"name":"wp","href":"https:\/\/api.w.org\/{rel}","templated":true}]}}