{"id":11,"date":"2015-02-22T21:36:57","date_gmt":"2015-02-22T21:36:57","guid":{"rendered":"http:\/\/freiraum-neustrelitz.de\/?page_id=11"},"modified":"2021-08-28T15:35:08","modified_gmt":"2021-08-28T15:35:08","slug":"philospohie","status":"publish","type":"page","link":"http:\/\/freiraum-neustrelitz.de\/?page_id=11","title":{"rendered":"Philospohie"},"content":{"rendered":"<h3>Was m\u00fcssen (d\u00fcrfen) wir HEUTE lernen f\u00fcr die Welt von MORGEN?<\/h3>\n<h3><\/h3>\n<p><strong>Mit dem 27.08.2021 hat der Freiraum einen neuen Vorstand erhalten und gleichzeitig eine Neuausrichtung des Vereines beschlossen.<\/strong><\/p>\n<p><strong>Der Verein setzt sich damit neue Prim\u00e4rziele: Toleranz, Familie, sowie Be- und Erziehung.<\/strong><\/p>\n<p>1. Durch den Schutz und die F\u00f6rderung von Ehe- und <strong>Familie<\/strong> als Basis f\u00fcr gesellschaftliche Systeme, Sozialisation und generationen\u00fcbergreifende Wertevermittlung; mit dem Ziel der Bef\u00e4higung zur friedlichen, sozialen und demokratischen Handlungsf\u00e4higkeit des Einzelnen in der Gemeinschaft. <strong>Denn Jede\/r braucht Familie.<\/strong><\/p>\n<p>2. Durch Unterst\u00fctzung, Beratung und Betreuung von Kindern und Eltern in schulischen und allgemeinen <strong>Bildungsfragen<\/strong>; durch Schaffung eines Bildungsnetzwerkes zur gegenseitigen Unterst\u00fctzung im Bereich des individuellen und kollektiven Lernens; mit dem Ziel der bestm\u00f6glichen, individuellen Entwicklung bei gleichzeitiger gesellschaftlicher Teilhabe. <strong>Denn Lernen braucht Freiraum.<\/strong><\/p>\n<p>3. Durch Beachtung und F\u00f6rderung demokratischer Grundwerte, mittels Vermittlung und Anwendung von <strong>Toleranz<\/strong> und Formen des friedlichen Zusammenlebens in einer multikulturellen Gesellschaft; durch Begegnungen, gemeinsame Aktivit\u00e4ten und interkulturellen Austausch. <strong>Denn Jede\/r ist Teil des Ganzen.<\/strong><\/p>\n<p>Freiraum ist weder politisch noch religi\u00f6s ausgerichtet und grunds\u00e4tzlich weltanschauungsfrei. Freiraum ist gemeinn\u00fctzig und verfolgt keine wirtschaftlichen Ziele. Freiraum versteht sich nicht als Konkurrenz zu bestehenden Beratungseinrichtungen oder therapeutischen Ma\u00dfnahmen, sondern sucht in Kooperation mit bestehenden Strukturen eine Erg\u00e4nzung. Freiraum setzt auf die Eigenverantwortung von Menschen und unterst\u00fctzt sie l\u00f6sungsorientiert bei der Suche und Verwirklichung eigener Lebensziele.<\/p>\n<p>Freiraum sieht den Menschen ganzheitlich mit all seinen Facetten, seinen Bed\u00fcrfnissen, seinen Potenzialen.<\/p>\n<h5><strong>Braucht nicht jeder ein wenig Freiraum?<\/strong><\/h5>\n<p><a href=\"http:\/\/freiraum-neustrelitz.de\/wp-content\/uploads\/2020\/10\/Urlaub-2003-149.jpg\"><img loading=\"lazy\" class=\"alignnone wp-image-249 size-large\" src=\"http:\/\/freiraum-neustrelitz.de\/wp-content\/uploads\/2020\/10\/Urlaub-2003-149-1024x768.jpg\" alt=\"\" width=\"634\" height=\"476\" srcset=\"http:\/\/freiraum-neustrelitz.de\/wp-content\/uploads\/2020\/10\/Urlaub-2003-149-1024x768.jpg 1024w, http:\/\/freiraum-neustrelitz.de\/wp-content\/uploads\/2020\/10\/Urlaub-2003-149-300x225.jpg 300w, http:\/\/freiraum-neustrelitz.de\/wp-content\/uploads\/2020\/10\/Urlaub-2003-149-768x576.jpg 768w, http:\/\/freiraum-neustrelitz.de\/wp-content\/uploads\/2020\/10\/Urlaub-2003-149-1536x1152.jpg 1536w, http:\/\/freiraum-neustrelitz.de\/wp-content\/uploads\/2020\/10\/Urlaub-2003-149-2048x1536.jpg 2048w, http:\/\/freiraum-neustrelitz.de\/wp-content\/uploads\/2020\/10\/Urlaub-2003-149-816x612.jpg 816w\" sizes=\"(max-width: 634px) 100vw, 634px\" \/><\/a><\/p>\n","protected":false},"excerpt":{"rendered":"<p>Was m\u00fcssen (d\u00fcrfen) wir HEUTE lernen f\u00fcr die Welt von MORGEN? Mit dem 27.08.2021 hat der Freiraum einen neuen Vorstand erhalten und gleichzeitig eine Neuausrichtung des Vereines beschlossen. Der Verein setzt sich damit neue Prim\u00e4rziele: Toleranz, Familie, sowie Be- und Erziehung. 1. Durch den Schutz und die F\u00f6rderung von Ehe- und Familie als Basis f\u00fcr [&hellip;]<\/p>\n","protected":false},"author":1,"featured_media":0,"parent":0,"menu_order":0,"comment_status":"open","ping_status":"open","template":"","meta":[],"_links":{"self":[{"href":"http:\/\/freiraum-neustrelitz.de\/index.php?rest_route=\/wp\/v2\/pages\/11"}],"collection":[{"href":"http:\/\/freiraum-neustrelitz.de\/index.php?rest_route=\/wp\/v2\/pages"}],"about":[{"href":"http:\/\/freiraum-neustrelitz.de\/index.php?rest_route=\/wp\/v2\/types\/page"}],"author":[{"embeddable":true,"href":"http:\/\/freiraum-neustrelitz.de\/index.php?rest_route=\/wp\/v2\/users\/1"}],"replies":[{"embeddable":true,"href":"http:\/\/freiraum-neustrelitz.de\/index.php?rest_route=%2Fwp%2Fv2%2Fcomments&post=11"}],"version-history":[{"count":37,"href":"http:\/\/freiraum-neustrelitz.de\/index.php?rest_route=\/wp\/v2\/pages\/11\/revisions"}],"predecessor-version":[{"id":289,"href":"http:\/\/freiraum-neustrelitz.de\/index.php?rest_route=\/wp\/v2\/pages\/11\/revisions\/289"}],"wp:attachment":[{"href":"http:\/\/freiraum-neustrelitz.de\/index.php?rest_route=%2Fwp%2Fv2%2Fmedia&parent=11"}],"curies":[{"name":"wp","href":"https:\/\/api.w.org\/{rel}","templated":true}]}}